{"id":422,"date":"2023-07-11T07:21:07","date_gmt":"2023-07-11T07:21:07","guid":{"rendered":"https:\/\/lanec.es\/?page_id=422"},"modified":"2023-07-13T08:57:08","modified_gmt":"2023-07-13T08:57:08","slug":"declaracion-accesibilidad","status":"publish","type":"page","link":"https:\/\/lanec.es\/en\/declaracion-accesibilidad\/","title":{"rendered":"Declaraci\u00f3n de accesibilidad"},"content":{"rendered":"<div data-elementor-type=\"wp-page\" data-elementor-id=\"422\" class=\"elementor elementor-422\" data-elementor-post-type=\"page\">\n\t\t\t\t\t\t<section class=\"elementor-section elementor-top-section elementor-element elementor-element-90339eb elementor-section-boxed elementor-section-height-default elementor-section-height-default\" data-id=\"90339eb\" data-element_type=\"section\" data-e-type=\"section\">\n\t\t\t\t\t\t<div class=\"elementor-container elementor-column-gap-default\">\n\t\t\t\t\t<div class=\"elementor-column elementor-col-100 elementor-top-column elementor-element elementor-element-1d0e3b5\" data-id=\"1d0e3b5\" data-element_type=\"column\" data-e-type=\"column\">\n\t\t\t<div class=\"elementor-widget-wrap elementor-element-populated\">\n\t\t\t\t\t\t<div class=\"elementor-element elementor-element-62f9f26 elementor-widget elementor-widget-text-editor\" data-id=\"62f9f26\" data-element_type=\"widget\" data-e-type=\"widget\" data-widget_type=\"text-editor.default\">\n\t\t\t\t<div class=\"elementor-widget-container\">\n\t\t\t\t\t\t\t\t\t<p>L&#8217;\u00c0nec Papers S.L. se ha comprometido a hacer accesible su sitio web, de conformidad con el Real Decreto 1112\/2018, de 7 de septiembre, sobre accesibilidad de los sitios web y aplicaciones para dispositivos m\u00f3viles del sector p\u00fablico.<\/p><p>La presente declaraci\u00f3n de accesibilidad se aplica al sitio web https:\/\/www.lanec.es.<\/p><p>Este sitio web es plenamente conforme con la norma UNE-EN 301 549:2022.<\/p><p>La presente declaraci\u00f3n fue preparada el 1 de marzo de 2023. El m\u00e9todo empleado para preparar la declaraci\u00f3n ha sido una autoevaluaci\u00f3n.<\/p><p>Puede realizar comunicaciones sobre requisitos de accesibilidad (art\u00edculo 10.2.a) del RD 1112\/2018) como por ejemplo:<br \/>\u2022 informar sobre cualquier posible incumplimiento por parte de este sitio web<br \/>\u2022 transmitir otras dificultades de acceso al contenido<br \/>\u2022 formular cualquier otra consulta o sugerencia de mejora relativa a la accesibilidad del sitio web<br \/>A trav\u00e9s del correo electr\u00f3nico web@dminformatica.net<\/p><p>Puede presentar:<br \/>\u2022 una Queja relativa al cumplimiento de los requisitos del RD 1112\/2018 o<br \/>\u2022 una Solicitud de Informaci\u00f3n accesible relativa a:<\/p><ul><li>contenidos que est\u00e1n excluidos del \u00e1mbito de aplicaci\u00f3n del RD 1112\/2018 seg\u00fan lo establecido por el art\u00edculo 3, apartado 4<\/li><li>contenidos que est\u00e1n exentos del cumplimiento de los requisitos de accesibilidad por imponer una carga desproporcionada.<\/li><\/ul><p>En la Solicitud de informaci\u00f3n accesible, se debe concretar, con toda claridad, los hechos, razones y petici\u00f3n que permitan constatar que se trata de una solicitud razonable y leg\u00edtima.<\/p>\t\t\t\t\t\t\t\t<\/div>\n\t\t\t\t<\/div>\n\t\t\t\t\t<\/div>\n\t\t<\/div>\n\t\t\t\t\t<\/div>\n\t\t<\/section>\n\t\t\t\t<\/div>","protected":false},"excerpt":{"rendered":"<p>L&#8217;\u00c0nec Papers S.L. se ha comprometido a hacer accesible su sitio web, de conformidad con el Real Decreto 1112\/2018, de 7 de septiembre, sobre accesibilidad de los sitios web y aplicaciones para dispositivos m\u00f3viles del sector p\u00fablico. La presente declaraci\u00f3n de accesibilidad se aplica al sitio web https:\/\/www.lanec.es. Este sitio web es plenamente conforme con &#8230; <a title=\"Declaraci\u00f3n de accesibilidad\" class=\"read-more\" href=\"https:\/\/lanec.es\/en\/declaracion-accesibilidad\/\" aria-label=\"Read more about Declaraci\u00f3n de accesibilidad\">Read more<\/a><\/p>","protected":false},"author":1,"featured_media":0,"parent":0,"menu_order":0,"comment_status":"closed","ping_status":"closed","template":"","meta":{"footnotes":""},"class_list":["post-422","page","type-page","status-publish"],"yoast_head":"<!-- This site is optimized with the Yoast SEO plugin v27.5 - https:\/\/yoast.com\/product\/yoast-seo-wordpress\/ -->\n<title>Declaraci\u00f3n de accesibilidad - L&#039;\u00c0nec Papers<\/title>\n<meta name=\"robots\" content=\"index, follow, max-snippet:-1, max-image-preview:large, max-video-preview:-1\" \/>\n<link rel=\"canonical\" href=\"https:\/\/lanec.es\/en\/declaracion-accesibilidad\/\" \/>\n<meta property=\"og:locale\" content=\"en_GB\" \/>\n<meta property=\"og:type\" content=\"article\" \/>\n<meta property=\"og:title\" content=\"Declaraci\u00f3n de accesibilidad - L&#039;\u00c0nec Papers\" \/>\n<meta property=\"og:description\" content=\"L&#8217;\u00c0nec Papers S.L. se ha comprometido a hacer accesible su sitio web, de conformidad con el Real Decreto 1112\/2018, de 7 de septiembre, sobre accesibilidad de los sitios web y aplicaciones para dispositivos m\u00f3viles del sector p\u00fablico. La presente declaraci\u00f3n de accesibilidad se aplica al sitio web https:\/\/www.lanec.es. Este sitio web es plenamente conforme con ... Read more\" \/>\n<meta property=\"og:url\" content=\"https:\/\/lanec.es\/en\/declaracion-accesibilidad\/\" \/>\n<meta property=\"og:site_name\" content=\"L&#039;\u00c0nec Papers\" \/>\n<meta property=\"article:publisher\" content=\"https:\/\/www.facebook.com\/profile.php?id=100001755903744\" \/>\n<meta property=\"article:modified_time\" content=\"2023-07-13T08:57:08+00:00\" \/>\n<meta name=\"twitter:card\" content=\"summary_large_image\" \/>\n<meta name=\"twitter:label1\" content=\"Estimated reading time\" \/>\n\t<meta name=\"twitter:data1\" content=\"2 minutes\" \/>\n<script type=\"application\/ld+json\" class=\"yoast-schema-graph\">{\"@context\":\"https:\\\/\\\/schema.org\",\"@graph\":[{\"@type\":\"WebPage\",\"@id\":\"https:\\\/\\\/lanec.es\\\/declaracion-accesibilidad\\\/\",\"url\":\"https:\\\/\\\/lanec.es\\\/declaracion-accesibilidad\\\/\",\"name\":\"Declaraci\u00f3n de accesibilidad - L&#039;\u00c0nec Papers\",\"isPartOf\":{\"@id\":\"https:\\\/\\\/lanec.es\\\/#website\"},\"datePublished\":\"2023-07-11T07:21:07+00:00\",\"dateModified\":\"2023-07-13T08:57:08+00:00\",\"inLanguage\":\"en-GB\",\"potentialAction\":[{\"@type\":\"ReadAction\",\"target\":[\"https:\\\/\\\/lanec.es\\\/declaracion-accesibilidad\\\/\"]}]},{\"@type\":\"WebSite\",\"@id\":\"https:\\\/\\\/lanec.es\\\/#website\",\"url\":\"https:\\\/\\\/lanec.es\\\/\",\"name\":\"L'\u00c0nec Papers\",\"description\":\"Papeles, bolsas, envases y cartonajes para alimentaci\u00f3n\",\"publisher\":{\"@id\":\"https:\\\/\\\/lanec.es\\\/#organization\"},\"potentialAction\":[{\"@type\":\"SearchAction\",\"target\":{\"@type\":\"EntryPoint\",\"urlTemplate\":\"https:\\\/\\\/lanec.es\\\/?s={search_term_string}\"},\"query-input\":{\"@type\":\"PropertyValueSpecification\",\"valueRequired\":true,\"valueName\":\"search_term_string\"}}],\"inLanguage\":\"en-GB\"},{\"@type\":\"Organization\",\"@id\":\"https:\\\/\\\/lanec.es\\\/#organization\",\"name\":\"L'\u00c0nec Papers\",\"url\":\"https:\\\/\\\/lanec.es\\\/\",\"logo\":{\"@type\":\"ImageObject\",\"inLanguage\":\"en-GB\",\"@id\":\"https:\\\/\\\/lanec.es\\\/#\\\/schema\\\/logo\\\/image\\\/\",\"url\":\"https:\\\/\\\/lanec.es\\\/wp-content\\\/uploads\\\/2023\\\/03\\\/logo2.png\",\"contentUrl\":\"https:\\\/\\\/lanec.es\\\/wp-content\\\/uploads\\\/2023\\\/03\\\/logo2.png\",\"width\":232,\"height\":120,\"caption\":\"L'\u00c0nec Papers\"},\"image\":{\"@id\":\"https:\\\/\\\/lanec.es\\\/#\\\/schema\\\/logo\\\/image\\\/\"},\"sameAs\":[\"https:\\\/\\\/www.facebook.com\\\/profile.php?id=100001755903744\"]}]}<\/script>\n<!-- \/ Yoast SEO plugin. -->","yoast_head_json":{"title":"Declaraci\u00f3n de accesibilidad - L&#039;\u00c0nec Papers","robots":{"index":"index","follow":"follow","max-snippet":"max-snippet:-1","max-image-preview":"max-image-preview:large","max-video-preview":"max-video-preview:-1"},"canonical":"https:\/\/lanec.es\/en\/declaracion-accesibilidad\/","og_locale":"en_GB","og_type":"article","og_title":"Declaraci\u00f3n de accesibilidad - L&#039;\u00c0nec Papers","og_description":"L&#8217;\u00c0nec Papers S.L. se ha comprometido a hacer accesible su sitio web, de conformidad con el Real Decreto 1112\/2018, de 7 de septiembre, sobre accesibilidad de los sitios web y aplicaciones para dispositivos m\u00f3viles del sector p\u00fablico. La presente declaraci\u00f3n de accesibilidad se aplica al sitio web https:\/\/www.lanec.es. Este sitio web es plenamente conforme con ... Read more","og_url":"https:\/\/lanec.es\/en\/declaracion-accesibilidad\/","og_site_name":"L&#039;\u00c0nec Papers","article_publisher":"https:\/\/www.facebook.com\/profile.php?id=100001755903744","article_modified_time":"2023-07-13T08:57:08+00:00","twitter_card":"summary_large_image","twitter_misc":{"Estimated reading time":"2 minutes"},"schema":{"@context":"https:\/\/schema.org","@graph":[{"@type":"WebPage","@id":"https:\/\/lanec.es\/declaracion-accesibilidad\/","url":"https:\/\/lanec.es\/declaracion-accesibilidad\/","name":"Declaraci\u00f3n de accesibilidad - L&#039;\u00c0nec Papers","isPartOf":{"@id":"https:\/\/lanec.es\/#website"},"datePublished":"2023-07-11T07:21:07+00:00","dateModified":"2023-07-13T08:57:08+00:00","inLanguage":"en-GB","potentialAction":[{"@type":"ReadAction","target":["https:\/\/lanec.es\/declaracion-accesibilidad\/"]}]},{"@type":"WebSite","@id":"https:\/\/lanec.es\/#website","url":"https:\/\/lanec.es\/","name":"L'\u00c0nec Papers","description":"Papeles, bolsas, envases y cartonajes para alimentaci\u00f3n","publisher":{"@id":"https:\/\/lanec.es\/#organization"},"potentialAction":[{"@type":"SearchAction","target":{"@type":"EntryPoint","urlTemplate":"https:\/\/lanec.es\/?s={search_term_string}"},"query-input":{"@type":"PropertyValueSpecification","valueRequired":true,"valueName":"search_term_string"}}],"inLanguage":"en-GB"},{"@type":"Organization","@id":"https:\/\/lanec.es\/#organization","name":"L'\u00c0nec Papers","url":"https:\/\/lanec.es\/","logo":{"@type":"ImageObject","inLanguage":"en-GB","@id":"https:\/\/lanec.es\/#\/schema\/logo\/image\/","url":"https:\/\/lanec.es\/wp-content\/uploads\/2023\/03\/logo2.png","contentUrl":"https:\/\/lanec.es\/wp-content\/uploads\/2023\/03\/logo2.png","width":232,"height":120,"caption":"L'\u00c0nec Papers"},"image":{"@id":"https:\/\/lanec.es\/#\/schema\/logo\/image\/"},"sameAs":["https:\/\/www.facebook.com\/profile.php?id=100001755903744"]}]}},"_links":{"self":[{"href":"https:\/\/lanec.es\/en\/wp-json\/wp\/v2\/pages\/422","targetHints":{"allow":["GET"]}}],"collection":[{"href":"https:\/\/lanec.es\/en\/wp-json\/wp\/v2\/pages"}],"about":[{"href":"https:\/\/lanec.es\/en\/wp-json\/wp\/v2\/types\/page"}],"author":[{"embeddable":true,"href":"https:\/\/lanec.es\/en\/wp-json\/wp\/v2\/users\/1"}],"replies":[{"embeddable":true,"href":"https:\/\/lanec.es\/en\/wp-json\/wp\/v2\/comments?post=422"}],"version-history":[{"count":15,"href":"https:\/\/lanec.es\/en\/wp-json\/wp\/v2\/pages\/422\/revisions"}],"predecessor-version":[{"id":458,"href":"https:\/\/lanec.es\/en\/wp-json\/wp\/v2\/pages\/422\/revisions\/458"}],"wp:attachment":[{"href":"https:\/\/lanec.es\/en\/wp-json\/wp\/v2\/media?parent=422"}],"curies":[{"name":"wp","href":"https:\/\/api.w.org\/{rel}","templated":true}]}}