{"id":52,"date":"2022-12-23T08:33:06","date_gmt":"2022-12-23T08:33:06","guid":{"rendered":"https:\/\/lanec.es\/\/?page_id=52"},"modified":"2024-07-31T07:51:14","modified_gmt":"2024-07-31T07:51:14","slug":"empresa","status":"publish","type":"page","link":"https:\/\/lanec.es\/en\/empresa\/","title":{"rendered":"La Empresa"},"content":{"rendered":"<div data-elementor-type=\"wp-page\" data-elementor-id=\"52\" class=\"elementor elementor-52\" data-elementor-post-type=\"page\">\n\t\t\t\t\t\t<section class=\"elementor-section elementor-top-section elementor-element elementor-element-b2befa7 elementor-section-boxed elementor-section-height-default elementor-section-height-default\" data-id=\"b2befa7\" data-element_type=\"section\" data-e-type=\"section\">\n\t\t\t\t\t\t<div class=\"elementor-container elementor-column-gap-default\">\n\t\t\t\t\t<div class=\"elementor-column elementor-col-100 elementor-top-column elementor-element elementor-element-365288a\" data-id=\"365288a\" data-element_type=\"column\" data-e-type=\"column\">\n\t\t\t<div class=\"elementor-widget-wrap elementor-element-populated\">\n\t\t\t\t\t\t<div class=\"elementor-element elementor-element-d1e4068 elementor-widget elementor-widget-text-editor\" data-id=\"d1e4068\" data-element_type=\"widget\" data-e-type=\"widget\" data-widget_type=\"text-editor.default\">\n\t\t\t\t<div class=\"elementor-widget-container\">\n\t\t\t\t\t\t\t\t\t<p><img fetchpriority=\"high\" decoding=\"async\" class=\"size-medium wp-image-226 alignleft\" src=\"https:\/\/lanec.es\/wp-content\/uploads\/2023\/03\/lanec-pancarta-300x225.jpg\" alt=\"\" width=\"300\" height=\"225\" srcset=\"https:\/\/lanec.es\/wp-content\/uploads\/2023\/03\/lanec-pancarta-300x225.jpg 300w, https:\/\/lanec.es\/wp-content\/uploads\/2023\/03\/lanec-pancarta.jpg 680w\" sizes=\"(max-width: 300px) 100vw, 300px\" \/><\/p><p>El 13 de Junio de 1924 Antonio Mart\u00ednez Ribera funda en Gandia nuestra empresa, dedicada a la venta de Papel Estracilla que fabricaba en Banyeres de Mariola.<\/p><p>Con Juan Pascual Castell\u00f3 se ampl\u00eda la actividad inicial confeccionando Bolsas de Papel, llegando a ser pionera en su zona, debido al gran abanico de posibilidades que ofrec\u00eda al cliente el poder fabricar y dise\u00f1ar cualquier tipo de bolsa.<\/p><p>Juan Pascual Comercial del Papel, seleccion\u00f3 para distribuir con sus marcas L&#8217;Anec, Milpapers y Milcolors los papeles m\u00e1s modernos, completos y pr\u00e1cticos del mercado, dedicando especial atenci\u00f3n a que fuesen ecol\u00f3gicos.<\/p><p>La actual L&#8217;\u00e0nec Papers S.L. (cuarta generaci\u00f3n) es l\u00edder en el sector nacional de distribuci\u00f3n, habiendo incorporado los adelantos inform\u00e1ticos, dise\u00f1os y materiales m\u00e1s modernos, ya que cuenta con la maquinaria de impresi\u00f3n y manipulaci\u00f3n, as\u00ed como el mejor equipo humano para satisfacer a los clientes m\u00e1s exigentes.<\/p>\t\t\t\t\t\t\t\t<\/div>\n\t\t\t\t<\/div>\n\t\t\t\t\t<\/div>\n\t\t<\/div>\n\t\t\t\t\t<\/div>\n\t\t<\/section>\n\t\t\t\t<\/div>","protected":false},"excerpt":{"rendered":"<p>El 13 de Junio de 1924 Antonio Mart\u00ednez Ribera funda en Gandia nuestra empresa, dedicada a la venta de Papel Estracilla que fabricaba en Banyeres de Mariola. Con Juan Pascual Castell\u00f3 se ampl\u00eda la actividad inicial confeccionando Bolsas de Papel, llegando a ser pionera en su zona, debido al gran abanico de posibilidades que ofrec\u00eda &#8230; <a title=\"La Empresa\" class=\"read-more\" href=\"https:\/\/lanec.es\/en\/empresa\/\" aria-label=\"Read more about La Empresa\">Read more<\/a><\/p>","protected":false},"author":1,"featured_media":0,"parent":0,"menu_order":0,"comment_status":"closed","ping_status":"closed","template":"elementor_header_footer","meta":{"footnotes":""},"class_list":["post-52","page","type-page","status-publish"],"yoast_head":"<!-- This site is optimized with the Yoast SEO plugin v27.5 - https:\/\/yoast.com\/product\/yoast-seo-wordpress\/ -->\n<title>La Empresa - L&#039;\u00c0nec Papers<\/title>\n<meta name=\"description\" content=\"L\u2019\u00e0nec Papers S.L. (cuarta generaci\u00f3n) es l\u00edder en el sector nacional de distribuci\u00f3n, habiendo incorporado los adelantos inform\u00e1ticos, dise\u00f1os y materiales m\u00e1s modernos, ya que cuenta con la maquinaria de impresi\u00f3n y manipulaci\u00f3n, as\u00ed como el mejor equipo humano para satisfacer a los clientes m\u00e1s exigentes.\" \/>\n<meta name=\"robots\" content=\"index, follow, max-snippet:-1, max-image-preview:large, max-video-preview:-1\" \/>\n<link rel=\"canonical\" href=\"https:\/\/lanec.es\/en\/empresa\/\" \/>\n<meta property=\"og:locale\" content=\"en_GB\" \/>\n<meta property=\"og:type\" content=\"article\" \/>\n<meta property=\"og:title\" content=\"La Empresa - L&#039;\u00c0nec Papers\" \/>\n<meta property=\"og:description\" content=\"L\u2019\u00e0nec Papers S.L. (cuarta generaci\u00f3n) es l\u00edder en el sector nacional de distribuci\u00f3n, habiendo incorporado los adelantos inform\u00e1ticos, dise\u00f1os y materiales m\u00e1s modernos, ya que cuenta con la maquinaria de impresi\u00f3n y manipulaci\u00f3n, as\u00ed como el mejor equipo humano para satisfacer a los clientes m\u00e1s exigentes.\" \/>\n<meta property=\"og:url\" content=\"https:\/\/lanec.es\/en\/empresa\/\" \/>\n<meta property=\"og:site_name\" content=\"L&#039;\u00c0nec Papers\" \/>\n<meta property=\"article:publisher\" content=\"https:\/\/www.facebook.com\/profile.php?id=100001755903744\" \/>\n<meta property=\"article:modified_time\" content=\"2024-07-31T07:51:14+00:00\" \/>\n<meta property=\"og:image\" content=\"https:\/\/lanec.es\/wp-content\/uploads\/2023\/03\/lanec-pancarta-300x225.jpg\" \/>\n<meta name=\"twitter:card\" content=\"summary_large_image\" \/>\n<meta name=\"twitter:label1\" content=\"Estimated reading time\" \/>\n\t<meta name=\"twitter:data1\" content=\"1 minute\" \/>\n<script type=\"application\/ld+json\" class=\"yoast-schema-graph\">{\"@context\":\"https:\\\/\\\/schema.org\",\"@graph\":[{\"@type\":\"WebPage\",\"@id\":\"https:\\\/\\\/lanec.es\\\/empresa\\\/\",\"url\":\"https:\\\/\\\/lanec.es\\\/empresa\\\/\",\"name\":\"La Empresa - L&#039;\u00c0nec Papers\",\"isPartOf\":{\"@id\":\"https:\\\/\\\/lanec.es\\\/#website\"},\"primaryImageOfPage\":{\"@id\":\"https:\\\/\\\/lanec.es\\\/empresa\\\/#primaryimage\"},\"image\":{\"@id\":\"https:\\\/\\\/lanec.es\\\/empresa\\\/#primaryimage\"},\"thumbnailUrl\":\"https:\\\/\\\/lanec.es\\\/wp-content\\\/uploads\\\/2023\\\/03\\\/lanec-pancarta-300x225.jpg\",\"datePublished\":\"2022-12-23T08:33:06+00:00\",\"dateModified\":\"2024-07-31T07:51:14+00:00\",\"description\":\"L\u2019\u00e0nec Papers S.L. (cuarta generaci\u00f3n) es l\u00edder en el sector nacional de distribuci\u00f3n, habiendo incorporado los adelantos inform\u00e1ticos, dise\u00f1os y materiales m\u00e1s modernos, ya que cuenta con la maquinaria de impresi\u00f3n y manipulaci\u00f3n, as\u00ed como el mejor equipo humano para satisfacer a los clientes m\u00e1s exigentes.\",\"inLanguage\":\"en-GB\",\"potentialAction\":[{\"@type\":\"ReadAction\",\"target\":[\"https:\\\/\\\/lanec.es\\\/empresa\\\/\"]}]},{\"@type\":\"ImageObject\",\"inLanguage\":\"en-GB\",\"@id\":\"https:\\\/\\\/lanec.es\\\/empresa\\\/#primaryimage\",\"url\":\"https:\\\/\\\/lanec.es\\\/wp-content\\\/uploads\\\/2023\\\/03\\\/lanec-pancarta-300x225.jpg\",\"contentUrl\":\"https:\\\/\\\/lanec.es\\\/wp-content\\\/uploads\\\/2023\\\/03\\\/lanec-pancarta-300x225.jpg\"},{\"@type\":\"WebSite\",\"@id\":\"https:\\\/\\\/lanec.es\\\/#website\",\"url\":\"https:\\\/\\\/lanec.es\\\/\",\"name\":\"L'\u00c0nec Papers\",\"description\":\"Papeles, bolsas, envases y cartonajes para alimentaci\u00f3n\",\"publisher\":{\"@id\":\"https:\\\/\\\/lanec.es\\\/#organization\"},\"potentialAction\":[{\"@type\":\"SearchAction\",\"target\":{\"@type\":\"EntryPoint\",\"urlTemplate\":\"https:\\\/\\\/lanec.es\\\/?s={search_term_string}\"},\"query-input\":{\"@type\":\"PropertyValueSpecification\",\"valueRequired\":true,\"valueName\":\"search_term_string\"}}],\"inLanguage\":\"en-GB\"},{\"@type\":\"Organization\",\"@id\":\"https:\\\/\\\/lanec.es\\\/#organization\",\"name\":\"L'\u00c0nec Papers\",\"url\":\"https:\\\/\\\/lanec.es\\\/\",\"logo\":{\"@type\":\"ImageObject\",\"inLanguage\":\"en-GB\",\"@id\":\"https:\\\/\\\/lanec.es\\\/#\\\/schema\\\/logo\\\/image\\\/\",\"url\":\"https:\\\/\\\/lanec.es\\\/wp-content\\\/uploads\\\/2023\\\/03\\\/logo2.png\",\"contentUrl\":\"https:\\\/\\\/lanec.es\\\/wp-content\\\/uploads\\\/2023\\\/03\\\/logo2.png\",\"width\":232,\"height\":120,\"caption\":\"L'\u00c0nec Papers\"},\"image\":{\"@id\":\"https:\\\/\\\/lanec.es\\\/#\\\/schema\\\/logo\\\/image\\\/\"},\"sameAs\":[\"https:\\\/\\\/www.facebook.com\\\/profile.php?id=100001755903744\"]}]}<\/script>\n<!-- \/ Yoast SEO plugin. -->","yoast_head_json":{"title":"La Empresa - L&#039;\u00c0nec Papers","description":"L\u2019\u00e0nec Papers S.L. (cuarta generaci\u00f3n) es l\u00edder en el sector nacional de distribuci\u00f3n, habiendo incorporado los adelantos inform\u00e1ticos, dise\u00f1os y materiales m\u00e1s modernos, ya que cuenta con la maquinaria de impresi\u00f3n y manipulaci\u00f3n, as\u00ed como el mejor equipo humano para satisfacer a los clientes m\u00e1s exigentes.","robots":{"index":"index","follow":"follow","max-snippet":"max-snippet:-1","max-image-preview":"max-image-preview:large","max-video-preview":"max-video-preview:-1"},"canonical":"https:\/\/lanec.es\/en\/empresa\/","og_locale":"en_GB","og_type":"article","og_title":"La Empresa - L&#039;\u00c0nec Papers","og_description":"L\u2019\u00e0nec Papers S.L. (cuarta generaci\u00f3n) es l\u00edder en el sector nacional de distribuci\u00f3n, habiendo incorporado los adelantos inform\u00e1ticos, dise\u00f1os y materiales m\u00e1s modernos, ya que cuenta con la maquinaria de impresi\u00f3n y manipulaci\u00f3n, as\u00ed como el mejor equipo humano para satisfacer a los clientes m\u00e1s exigentes.","og_url":"https:\/\/lanec.es\/en\/empresa\/","og_site_name":"L&#039;\u00c0nec Papers","article_publisher":"https:\/\/www.facebook.com\/profile.php?id=100001755903744","article_modified_time":"2024-07-31T07:51:14+00:00","og_image":[{"url":"https:\/\/lanec.es\/wp-content\/uploads\/2023\/03\/lanec-pancarta-300x225.jpg","type":"","width":"","height":""}],"twitter_card":"summary_large_image","twitter_misc":{"Estimated reading time":"1 minute"},"schema":{"@context":"https:\/\/schema.org","@graph":[{"@type":"WebPage","@id":"https:\/\/lanec.es\/empresa\/","url":"https:\/\/lanec.es\/empresa\/","name":"La Empresa - L&#039;\u00c0nec Papers","isPartOf":{"@id":"https:\/\/lanec.es\/#website"},"primaryImageOfPage":{"@id":"https:\/\/lanec.es\/empresa\/#primaryimage"},"image":{"@id":"https:\/\/lanec.es\/empresa\/#primaryimage"},"thumbnailUrl":"https:\/\/lanec.es\/wp-content\/uploads\/2023\/03\/lanec-pancarta-300x225.jpg","datePublished":"2022-12-23T08:33:06+00:00","dateModified":"2024-07-31T07:51:14+00:00","description":"L\u2019\u00e0nec Papers S.L. (cuarta generaci\u00f3n) es l\u00edder en el sector nacional de distribuci\u00f3n, habiendo incorporado los adelantos inform\u00e1ticos, dise\u00f1os y materiales m\u00e1s modernos, ya que cuenta con la maquinaria de impresi\u00f3n y manipulaci\u00f3n, as\u00ed como el mejor equipo humano para satisfacer a los clientes m\u00e1s exigentes.","inLanguage":"en-GB","potentialAction":[{"@type":"ReadAction","target":["https:\/\/lanec.es\/empresa\/"]}]},{"@type":"ImageObject","inLanguage":"en-GB","@id":"https:\/\/lanec.es\/empresa\/#primaryimage","url":"https:\/\/lanec.es\/wp-content\/uploads\/2023\/03\/lanec-pancarta-300x225.jpg","contentUrl":"https:\/\/lanec.es\/wp-content\/uploads\/2023\/03\/lanec-pancarta-300x225.jpg"},{"@type":"WebSite","@id":"https:\/\/lanec.es\/#website","url":"https:\/\/lanec.es\/","name":"L'\u00c0nec Papers","description":"Papeles, bolsas, envases y cartonajes para alimentaci\u00f3n","publisher":{"@id":"https:\/\/lanec.es\/#organization"},"potentialAction":[{"@type":"SearchAction","target":{"@type":"EntryPoint","urlTemplate":"https:\/\/lanec.es\/?s={search_term_string}"},"query-input":{"@type":"PropertyValueSpecification","valueRequired":true,"valueName":"search_term_string"}}],"inLanguage":"en-GB"},{"@type":"Organization","@id":"https:\/\/lanec.es\/#organization","name":"L'\u00c0nec Papers","url":"https:\/\/lanec.es\/","logo":{"@type":"ImageObject","inLanguage":"en-GB","@id":"https:\/\/lanec.es\/#\/schema\/logo\/image\/","url":"https:\/\/lanec.es\/wp-content\/uploads\/2023\/03\/logo2.png","contentUrl":"https:\/\/lanec.es\/wp-content\/uploads\/2023\/03\/logo2.png","width":232,"height":120,"caption":"L'\u00c0nec Papers"},"image":{"@id":"https:\/\/lanec.es\/#\/schema\/logo\/image\/"},"sameAs":["https:\/\/www.facebook.com\/profile.php?id=100001755903744"]}]}},"_links":{"self":[{"href":"https:\/\/lanec.es\/en\/wp-json\/wp\/v2\/pages\/52","targetHints":{"allow":["GET"]}}],"collection":[{"href":"https:\/\/lanec.es\/en\/wp-json\/wp\/v2\/pages"}],"about":[{"href":"https:\/\/lanec.es\/en\/wp-json\/wp\/v2\/types\/page"}],"author":[{"embeddable":true,"href":"https:\/\/lanec.es\/en\/wp-json\/wp\/v2\/users\/1"}],"replies":[{"embeddable":true,"href":"https:\/\/lanec.es\/en\/wp-json\/wp\/v2\/comments?post=52"}],"version-history":[{"count":16,"href":"https:\/\/lanec.es\/en\/wp-json\/wp\/v2\/pages\/52\/revisions"}],"predecessor-version":[{"id":478,"href":"https:\/\/lanec.es\/en\/wp-json\/wp\/v2\/pages\/52\/revisions\/478"}],"wp:attachment":[{"href":"https:\/\/lanec.es\/en\/wp-json\/wp\/v2\/media?parent=52"}],"curies":[{"name":"wp","href":"https:\/\/api.w.org\/{rel}","templated":true}]}}