{"id":57,"date":"2022-12-23T08:33:36","date_gmt":"2022-12-23T08:33:36","guid":{"rendered":"https:\/\/lanec.es\/\/?page_id=57"},"modified":"2023-03-22T08:56:57","modified_gmt":"2023-03-22T08:56:57","slug":"contacto","status":"publish","type":"page","link":"https:\/\/lanec.es\/en\/contacto\/","title":{"rendered":"Contacto"},"content":{"rendered":"\t\t<div data-elementor-type=\"wp-page\" data-elementor-id=\"57\" class=\"elementor elementor-57\" data-elementor-post-type=\"page\">\n\t\t\t\t\t\t<section class=\"elementor-section elementor-top-section elementor-element elementor-element-a037a1f elementor-section-boxed elementor-section-height-default elementor-section-height-default\" data-id=\"a037a1f\" data-element_type=\"section\" data-e-type=\"section\">\n\t\t\t\t\t\t<div class=\"elementor-container elementor-column-gap-default\">\n\t\t\t\t\t<div class=\"elementor-column elementor-col-50 elementor-top-column elementor-element elementor-element-ad410d0\" data-id=\"ad410d0\" data-element_type=\"column\" data-e-type=\"column\">\n\t\t\t<div class=\"elementor-widget-wrap elementor-element-populated\">\n\t\t\t\t\t\t<div class=\"elementor-element elementor-element-67728ad elementor-widget elementor-widget-image\" data-id=\"67728ad\" data-element_type=\"widget\" data-e-type=\"widget\" data-widget_type=\"image.default\">\n\t\t\t\t<div class=\"elementor-widget-container\">\n\t\t\t\t\t\t\t\t\t\t\t\t\t\t\t<img decoding=\"async\" src=\"https:\/\/lanec.es\/wp-content\/uploads\/elementor\/thumbs\/1-q3umrxsry9zyq91knfteh4l9go1p2ir3uu8xlftbyc.jpg\" title=\"1\" alt=\"1\" loading=\"lazy\" \/>\t\t\t\t\t\t\t\t\t\t\t\t\t\t\t<\/div>\n\t\t\t\t<\/div>\n\t\t\t\t<div class=\"elementor-element elementor-element-fa58346 elementor-widget elementor-widget-text-editor\" data-id=\"fa58346\" data-element_type=\"widget\" data-e-type=\"widget\" data-widget_type=\"text-editor.default\">\n\t\t\t\t<div class=\"elementor-widget-container\">\n\t\t\t\t\t\t\t\t\t<h5 class=\"color_dark tt_uppercase second_font fw_light m_bottom_13\"><span style=\"color: #29176d;\">CONTACTO<\/span><\/h5><p>Avinguda de X\u00e0tiva, 19<br \/>46727 Real de Gandia &#8211; Valencia, Espa\u00f1a<\/p><p><i class=\"fa fa-phone color_dark fs_large\"><\/i> +34 96 286 65 61<\/p><p><i class=\"fa fa-envelope color_dark\"><\/i> <a class=\"sc_hover d_inline_b\" href=\"mailto:lanecinfo@lanec.es\">lanecinfo@lanec.es<\/a><\/p><h5 class=\"color_dark tt_uppercase second_font fw_light m_bottom_13\"><span style=\"color: #29176d;\">HORARIO DE OFICINA<\/span><\/h5><p>Lunes a Viernes: 08:00 \u2013 19:00<br \/>S\u00e1bados y Domingos: Cerrado<\/p>\t\t\t\t\t\t\t\t<\/div>\n\t\t\t\t<\/div>\n\t\t\t\t\t<\/div>\n\t\t<\/div>\n\t\t\t\t<div class=\"elementor-column elementor-col-50 elementor-top-column elementor-element elementor-element-32d3875\" data-id=\"32d3875\" data-element_type=\"column\" data-e-type=\"column\">\n\t\t\t<div class=\"elementor-widget-wrap elementor-element-populated\">\n\t\t\t\t\t\t<div class=\"elementor-element elementor-element-32da9bf elementor-widget elementor-widget-text-editor\" data-id=\"32da9bf\" data-element_type=\"widget\" data-e-type=\"widget\" data-widget_type=\"text-editor.default\">\n\t\t\t\t<div class=\"elementor-widget-container\">\n\t\t\t\t\t\t\t\t\t<h5><span style=\"color: #29176D;\">FORMULARIO DE CONTACTO<\/span><\/h5>\t\t\t\t\t\t\t\t<\/div>\n\t\t\t\t<\/div>\n\t\t\t\t<div class=\"elementor-element elementor-element-685fe9d elementor-button-align-start elementor-widget elementor-widget-form\" data-id=\"685fe9d\" data-element_type=\"widget\" data-e-type=\"widget\" data-settings=\"{&quot;step_next_label&quot;:&quot;Next&quot;,&quot;step_previous_label&quot;:&quot;Previous&quot;,&quot;button_width&quot;:&quot;100&quot;,&quot;step_type&quot;:&quot;number_text&quot;,&quot;step_icon_shape&quot;:&quot;circle&quot;}\" data-widget_type=\"form.default\">\n\t\t\t\t<div class=\"elementor-widget-container\">\n\t\t\t\t\t\t\t<form class=\"elementor-form\" method=\"post\" name=\"New Form\">\n\t\t\t<input type=\"hidden\" name=\"post_id\" value=\"57\"\/>\n\t\t\t<input type=\"hidden\" name=\"form_id\" value=\"685fe9d\"\/>\n\t\t\t<input type=\"hidden\" name=\"referer_title\" value=\"Contacto - L&#039;\u00c0nec Papers\" \/>\n\n\t\t\t\t\t\t\t<input type=\"hidden\" name=\"queried_id\" value=\"57\"\/>\n\t\t\t\n\t\t\t<div class=\"elementor-form-fields-wrapper elementor-labels-above\">\n\t\t\t\t\t\t\t\t<div class=\"elementor-field-type-text elementor-field-group elementor-column elementor-field-group-nombre elementor-col-40 elementor-field-required elementor-mark-required\">\n\t\t\t\t\t\t\t\t\t\t\t\t<label for=\"form-field-nombre\" class=\"elementor-field-label\">\n\t\t\t\t\t\t\t\tNombre\t\t\t\t\t\t\t<\/label>\n\t\t\t\t\t\t\t\t\t\t\t\t\t\t<input size=\"1\" type=\"text\" name=\"form_fields[nombre]\" id=\"form-field-nombre\" class=\"elementor-field elementor-size-xs  elementor-field-textual\" required=\"required\" aria-required=\"true\">\n\t\t\t\t\t\t\t\t\t\t\t<\/div>\n\t\t\t\t\t\t\t\t<div class=\"elementor-field-type-email elementor-field-group elementor-column elementor-field-group-email elementor-col-40 elementor-field-required elementor-mark-required\">\n\t\t\t\t\t\t\t\t\t\t\t\t<label for=\"form-field-email\" class=\"elementor-field-label\">\n\t\t\t\t\t\t\t\tEmail\t\t\t\t\t\t\t<\/label>\n\t\t\t\t\t\t\t\t\t\t\t\t\t\t<input size=\"1\" type=\"email\" name=\"form_fields[email]\" id=\"form-field-email\" class=\"elementor-field elementor-size-xs  elementor-field-textual\" required=\"required\" aria-required=\"true\">\n\t\t\t\t\t\t\t\t\t\t\t<\/div>\n\t\t\t\t\t\t\t\t<div class=\"elementor-field-type-tel elementor-field-group elementor-column elementor-field-group-telefono elementor-col-20 elementor-field-required elementor-mark-required\">\n\t\t\t\t\t\t\t\t\t\t\t\t<label for=\"form-field-telefono\" class=\"elementor-field-label\">\n\t\t\t\t\t\t\t\tTel\u00e9fono\t\t\t\t\t\t\t<\/label>\n\t\t\t\t\t\t\t\t<input size=\"1\" type=\"tel\" name=\"form_fields[telefono]\" id=\"form-field-telefono\" class=\"elementor-field elementor-size-xs  elementor-field-textual\" required=\"required\" aria-required=\"true\" pattern=\"[0-9()#&amp;+*-=.]+\" title=\"Only numbers and phone characters (#, -, *, etc) are accepted.\">\n\n\t\t\t\t\t\t<\/div>\n\t\t\t\t\t\t\t\t<div class=\"elementor-field-type-text elementor-field-group elementor-column elementor-field-group-direccion elementor-col-40\">\n\t\t\t\t\t\t\t\t\t\t\t\t<label for=\"form-field-direccion\" class=\"elementor-field-label\">\n\t\t\t\t\t\t\t\tDirecci\u00f3n\t\t\t\t\t\t\t<\/label>\n\t\t\t\t\t\t\t\t\t\t\t\t\t\t<input size=\"1\" type=\"text\" name=\"form_fields[direccion]\" id=\"form-field-direccion\" class=\"elementor-field elementor-size-xs  elementor-field-textual\">\n\t\t\t\t\t\t\t\t\t\t\t<\/div>\n\t\t\t\t\t\t\t\t<div class=\"elementor-field-type-text elementor-field-group elementor-column elementor-field-group-poblacion elementor-col-20\">\n\t\t\t\t\t\t\t\t\t\t\t\t<label for=\"form-field-poblacion\" class=\"elementor-field-label\">\n\t\t\t\t\t\t\t\tPoblaci\u00f3n\t\t\t\t\t\t\t<\/label>\n\t\t\t\t\t\t\t\t\t\t\t\t\t\t<input size=\"1\" type=\"text\" name=\"form_fields[poblacion]\" id=\"form-field-poblacion\" class=\"elementor-field elementor-size-xs  elementor-field-textual\">\n\t\t\t\t\t\t\t\t\t\t\t<\/div>\n\t\t\t\t\t\t\t\t<div class=\"elementor-field-type-text elementor-field-group elementor-column elementor-field-group-codpostal elementor-col-20\">\n\t\t\t\t\t\t\t\t\t\t\t\t<label for=\"form-field-codpostal\" class=\"elementor-field-label\">\n\t\t\t\t\t\t\t\tC.P.\t\t\t\t\t\t\t<\/label>\n\t\t\t\t\t\t\t\t\t\t\t\t\t\t<input size=\"1\" type=\"text\" name=\"form_fields[codpostal]\" id=\"form-field-codpostal\" class=\"elementor-field elementor-size-xs  elementor-field-textual\">\n\t\t\t\t\t\t\t\t\t\t\t<\/div>\n\t\t\t\t\t\t\t\t<div class=\"elementor-field-type-text elementor-field-group elementor-column elementor-field-group-provincia elementor-col-20\">\n\t\t\t\t\t\t\t\t\t\t\t\t<label for=\"form-field-provincia\" class=\"elementor-field-label\">\n\t\t\t\t\t\t\t\tProvincia\t\t\t\t\t\t\t<\/label>\n\t\t\t\t\t\t\t\t\t\t\t\t\t\t<input size=\"1\" type=\"text\" name=\"form_fields[provincia]\" id=\"form-field-provincia\" class=\"elementor-field elementor-size-xs  elementor-field-textual\">\n\t\t\t\t\t\t\t\t\t\t\t<\/div>\n\t\t\t\t\t\t\t\t<div class=\"elementor-field-type-textarea elementor-field-group elementor-column elementor-field-group-mensaje elementor-col-100\">\n\t\t\t\t\t\t\t\t\t\t\t\t<label for=\"form-field-mensaje\" class=\"elementor-field-label\">\n\t\t\t\t\t\t\t\tMensaje:\t\t\t\t\t\t\t<\/label>\n\t\t\t\t\t\t<textarea class=\"elementor-field-textual elementor-field  elementor-size-xs\" name=\"form_fields[mensaje]\" id=\"form-field-mensaje\" rows=\"4\"><\/textarea>\t\t\t\t<\/div>\n\t\t\t\t\t\t\t\t<div class=\"elementor-field-type-acceptance elementor-field-group elementor-column elementor-field-group-field_67ae1c6 elementor-col-100 elementor-field-required elementor-mark-required\">\n\t\t\t\t\t\t\t<div class=\"elementor-field-subgroup\">\n\t\t\t<span class=\"elementor-field-option\">\n\t\t\t\t<input type=\"checkbox\" name=\"form_fields[field_67ae1c6]\" id=\"form-field-field_67ae1c6\" class=\"elementor-field elementor-size-xs  elementor-acceptance-field\" required=\"required\" aria-required=\"true\">\n\t\t\t\t<label for=\"form-field-field_67ae1c6\">He le\u00eddo y acepto la POL\u00cdTICA DE PRIVACIDAD <span style=\"color:red;\">*<\/span>&nbsp;&nbsp;&nbsp;&nbsp;&nbsp;&nbsp;&nbsp;&nbsp;&nbsp;&nbsp;&nbsp;&nbsp;&nbsp;&nbsp;&nbsp;&nbsp;&nbsp;&nbsp;&nbsp;&nbsp;&nbsp;&nbsp;&nbsp;&nbsp;&nbsp;&nbsp;&nbsp;&nbsp;&nbsp;&nbsp;&nbsp;&nbsp;&nbsp;&nbsp;&nbsp;&nbsp;&nbsp;&nbsp;&nbsp;&nbsp;&nbsp;&nbsp;&nbsp;&nbsp;&nbsp;&nbsp;&nbsp;&nbsp;&nbsp;&nbsp;&nbsp;&nbsp;&nbsp;&nbsp;<span style=\"color:red;\">*<\/span> campos obligatorios<\/label>\t\t\t<\/span>\n\t\t<\/div>\n\t\t\t\t\t\t<\/div>\n\t\t\t\t\t\t\t\t<div class=\"elementor-field-group elementor-column elementor-field-type-submit elementor-col-100 e-form__buttons\">\n\t\t\t\t\t<button class=\"elementor-button elementor-size-sm\" type=\"submit\">\n\t\t\t\t\t\t<span class=\"elementor-button-content-wrapper\">\n\t\t\t\t\t\t\t\t\t\t\t\t\t\t\t\t\t\t\t\t\t\t<span class=\"elementor-button-text\">Enviar<\/span>\n\t\t\t\t\t\t\t\t\t\t\t\t\t<\/span>\n\t\t\t\t\t<\/button>\n\t\t\t\t<\/div>\n\t\t\t<\/div>\n\t\t<\/form>\n\t\t\t\t\t\t<\/div>\n\t\t\t\t<\/div>\n\t\t\t\t\t<\/div>\n\t\t<\/div>\n\t\t\t\t\t<\/div>\n\t\t<\/section>\n\t\t\t\t<section class=\"elementor-section elementor-top-section elementor-element elementor-element-6443072 elementor-section-boxed elementor-section-height-default elementor-section-height-default\" data-id=\"6443072\" data-element_type=\"section\" data-e-type=\"section\">\n\t\t\t\t\t\t<div class=\"elementor-container elementor-column-gap-default\">\n\t\t\t\t\t<div class=\"elementor-column elementor-col-100 elementor-top-column elementor-element elementor-element-4ca29b8\" data-id=\"4ca29b8\" data-element_type=\"column\" data-e-type=\"column\">\n\t\t\t<div class=\"elementor-widget-wrap elementor-element-populated\">\n\t\t\t\t\t\t<div class=\"elementor-element elementor-element-ca7dbdc elementor-widget elementor-widget-google_maps\" data-id=\"ca7dbdc\" data-element_type=\"widget\" data-e-type=\"widget\" data-widget_type=\"google_maps.default\">\n\t\t\t\t<div class=\"elementor-widget-container\">\n\t\t\t\t\t\t\t<div class=\"elementor-custom-embed\">\n\t\t\t<iframe loading=\"lazy\"\n\t\t\t\t\tsrc=\"https:\/\/maps.google.com\/maps?q=l%27%C3%A0nec%20papers%20sl&#038;t=m&#038;z=14&#038;output=embed&#038;iwloc=near\"\n\t\t\t\t\ttitle=\"l&#039;\u00e0nec papers sl\"\n\t\t\t\t\taria-label=\"l&#039;\u00e0nec papers sl\"\n\t\t\t><\/iframe>\n\t\t<\/div>\n\t\t\t\t\t\t<\/div>\n\t\t\t\t<\/div>\n\t\t\t\t<div class=\"elementor-element elementor-element-fbb046f elementor-widget elementor-widget-html\" data-id=\"fbb046f\" data-element_type=\"widget\" data-e-type=\"widget\" data-widget_type=\"html.default\">\n\t\t\t\t<div class=\"elementor-widget-container\">\n\t\t\t\t\t<script type=\"text\/javascript\">\nvar dmi_seccion = 'contacto';\n<\/script>\t\t\t\t<\/div>\n\t\t\t\t<\/div>\n\t\t\t\t\t<\/div>\n\t\t<\/div>\n\t\t\t\t\t<\/div>\n\t\t<\/section>\n\t\t\t\t<\/div>\n\t\t","protected":false},"excerpt":{"rendered":"<p>CONTACTO Avinguda de X\u00e0tiva, 1946727 Real de Gandia &#8211; Valencia, Espa\u00f1a +34 96 286 65 61 lanecinfo@lanec.es HORARIO DE OFICINA Lunes a Viernes: 08:00 \u2013 19:00S\u00e1bados y Domingos: Cerrado FORMULARIO DE CONTACTO<\/p>","protected":false},"author":1,"featured_media":0,"parent":0,"menu_order":0,"comment_status":"closed","ping_status":"closed","template":"elementor_header_footer","meta":{"footnotes":""},"class_list":["post-57","page","type-page","status-publish"],"yoast_head":"<!-- This site is optimized with the Yoast SEO plugin v27.5 - https:\/\/yoast.com\/product\/yoast-seo-wordpress\/ -->\n<title>Contacto - L&#039;\u00c0nec Papers<\/title>\n<meta name=\"robots\" content=\"index, follow, max-snippet:-1, max-image-preview:large, max-video-preview:-1\" \/>\n<link rel=\"canonical\" href=\"https:\/\/lanec.es\/en\/contacto\/\" \/>\n<meta property=\"og:locale\" content=\"en_GB\" \/>\n<meta property=\"og:type\" content=\"article\" \/>\n<meta property=\"og:title\" content=\"Contacto - L&#039;\u00c0nec Papers\" \/>\n<meta property=\"og:description\" content=\"CONTACTO Avinguda de X\u00e0tiva, 1946727 Real de Gandia &#8211; Valencia, Espa\u00f1a +34 96 286 65 61 lanecinfo@lanec.es HORARIO DE OFICINA Lunes a Viernes: 08:00 \u2013 19:00S\u00e1bados y Domingos: Cerrado FORMULARIO DE CONTACTO\" \/>\n<meta property=\"og:url\" content=\"https:\/\/lanec.es\/en\/contacto\/\" \/>\n<meta property=\"og:site_name\" content=\"L&#039;\u00c0nec Papers\" \/>\n<meta property=\"article:publisher\" content=\"https:\/\/www.facebook.com\/profile.php?id=100001755903744\" \/>\n<meta property=\"article:modified_time\" content=\"2023-03-22T08:56:57+00:00\" \/>\n<meta property=\"og:image\" content=\"https:\/\/lanec.es\/wp-content\/uploads\/elementor\/thumbs\/1-q3umrxsry9zyq91knfteh4l9go1p2ir3uu8xlftbyc.jpg\" \/>\n<meta name=\"twitter:card\" content=\"summary_large_image\" \/>\n<meta name=\"twitter:label1\" content=\"Estimated reading time\" \/>\n\t<meta name=\"twitter:data1\" content=\"1 minute\" \/>\n<script type=\"application\/ld+json\" class=\"yoast-schema-graph\">{\"@context\":\"https:\\\/\\\/schema.org\",\"@graph\":[{\"@type\":\"WebPage\",\"@id\":\"https:\\\/\\\/lanec.es\\\/contacto\\\/\",\"url\":\"https:\\\/\\\/lanec.es\\\/contacto\\\/\",\"name\":\"Contacto - L&#039;\u00c0nec Papers\",\"isPartOf\":{\"@id\":\"https:\\\/\\\/lanec.es\\\/#website\"},\"primaryImageOfPage\":{\"@id\":\"https:\\\/\\\/lanec.es\\\/contacto\\\/#primaryimage\"},\"image\":{\"@id\":\"https:\\\/\\\/lanec.es\\\/contacto\\\/#primaryimage\"},\"thumbnailUrl\":\"https:\\\/\\\/lanec.es\\\/wp-content\\\/uploads\\\/elementor\\\/thumbs\\\/1-q3umrxsry9zyq91knfteh4l9go1p2ir3uu8xlftbyc.jpg\",\"datePublished\":\"2022-12-23T08:33:36+00:00\",\"dateModified\":\"2023-03-22T08:56:57+00:00\",\"inLanguage\":\"en-GB\",\"potentialAction\":[{\"@type\":\"ReadAction\",\"target\":[\"https:\\\/\\\/lanec.es\\\/contacto\\\/\"]}]},{\"@type\":\"ImageObject\",\"inLanguage\":\"en-GB\",\"@id\":\"https:\\\/\\\/lanec.es\\\/contacto\\\/#primaryimage\",\"url\":\"https:\\\/\\\/lanec.es\\\/wp-content\\\/uploads\\\/elementor\\\/thumbs\\\/1-q3umrxsry9zyq91knfteh4l9go1p2ir3uu8xlftbyc.jpg\",\"contentUrl\":\"https:\\\/\\\/lanec.es\\\/wp-content\\\/uploads\\\/elementor\\\/thumbs\\\/1-q3umrxsry9zyq91knfteh4l9go1p2ir3uu8xlftbyc.jpg\"},{\"@type\":\"WebSite\",\"@id\":\"https:\\\/\\\/lanec.es\\\/#website\",\"url\":\"https:\\\/\\\/lanec.es\\\/\",\"name\":\"L'\u00c0nec Papers\",\"description\":\"Papeles, bolsas, envases y cartonajes para alimentaci\u00f3n\",\"publisher\":{\"@id\":\"https:\\\/\\\/lanec.es\\\/#organization\"},\"potentialAction\":[{\"@type\":\"SearchAction\",\"target\":{\"@type\":\"EntryPoint\",\"urlTemplate\":\"https:\\\/\\\/lanec.es\\\/?s={search_term_string}\"},\"query-input\":{\"@type\":\"PropertyValueSpecification\",\"valueRequired\":true,\"valueName\":\"search_term_string\"}}],\"inLanguage\":\"en-GB\"},{\"@type\":\"Organization\",\"@id\":\"https:\\\/\\\/lanec.es\\\/#organization\",\"name\":\"L'\u00c0nec Papers\",\"url\":\"https:\\\/\\\/lanec.es\\\/\",\"logo\":{\"@type\":\"ImageObject\",\"inLanguage\":\"en-GB\",\"@id\":\"https:\\\/\\\/lanec.es\\\/#\\\/schema\\\/logo\\\/image\\\/\",\"url\":\"https:\\\/\\\/lanec.es\\\/wp-content\\\/uploads\\\/2023\\\/03\\\/logo2.png\",\"contentUrl\":\"https:\\\/\\\/lanec.es\\\/wp-content\\\/uploads\\\/2023\\\/03\\\/logo2.png\",\"width\":232,\"height\":120,\"caption\":\"L'\u00c0nec Papers\"},\"image\":{\"@id\":\"https:\\\/\\\/lanec.es\\\/#\\\/schema\\\/logo\\\/image\\\/\"},\"sameAs\":[\"https:\\\/\\\/www.facebook.com\\\/profile.php?id=100001755903744\"]}]}<\/script>\n<!-- \/ Yoast SEO plugin. -->","yoast_head_json":{"title":"Contacto - L&#039;\u00c0nec Papers","robots":{"index":"index","follow":"follow","max-snippet":"max-snippet:-1","max-image-preview":"max-image-preview:large","max-video-preview":"max-video-preview:-1"},"canonical":"https:\/\/lanec.es\/en\/contacto\/","og_locale":"en_GB","og_type":"article","og_title":"Contacto - L&#039;\u00c0nec Papers","og_description":"CONTACTO Avinguda de X\u00e0tiva, 1946727 Real de Gandia &#8211; Valencia, Espa\u00f1a +34 96 286 65 61 lanecinfo@lanec.es HORARIO DE OFICINA Lunes a Viernes: 08:00 \u2013 19:00S\u00e1bados y Domingos: Cerrado FORMULARIO DE CONTACTO","og_url":"https:\/\/lanec.es\/en\/contacto\/","og_site_name":"L&#039;\u00c0nec Papers","article_publisher":"https:\/\/www.facebook.com\/profile.php?id=100001755903744","article_modified_time":"2023-03-22T08:56:57+00:00","og_image":[{"url":"https:\/\/lanec.es\/wp-content\/uploads\/elementor\/thumbs\/1-q3umrxsry9zyq91knfteh4l9go1p2ir3uu8xlftbyc.jpg","type":"","width":"","height":""}],"twitter_card":"summary_large_image","twitter_misc":{"Estimated reading time":"1 minute"},"schema":{"@context":"https:\/\/schema.org","@graph":[{"@type":"WebPage","@id":"https:\/\/lanec.es\/contacto\/","url":"https:\/\/lanec.es\/contacto\/","name":"Contacto - L&#039;\u00c0nec Papers","isPartOf":{"@id":"https:\/\/lanec.es\/#website"},"primaryImageOfPage":{"@id":"https:\/\/lanec.es\/contacto\/#primaryimage"},"image":{"@id":"https:\/\/lanec.es\/contacto\/#primaryimage"},"thumbnailUrl":"https:\/\/lanec.es\/wp-content\/uploads\/elementor\/thumbs\/1-q3umrxsry9zyq91knfteh4l9go1p2ir3uu8xlftbyc.jpg","datePublished":"2022-12-23T08:33:36+00:00","dateModified":"2023-03-22T08:56:57+00:00","inLanguage":"en-GB","potentialAction":[{"@type":"ReadAction","target":["https:\/\/lanec.es\/contacto\/"]}]},{"@type":"ImageObject","inLanguage":"en-GB","@id":"https:\/\/lanec.es\/contacto\/#primaryimage","url":"https:\/\/lanec.es\/wp-content\/uploads\/elementor\/thumbs\/1-q3umrxsry9zyq91knfteh4l9go1p2ir3uu8xlftbyc.jpg","contentUrl":"https:\/\/lanec.es\/wp-content\/uploads\/elementor\/thumbs\/1-q3umrxsry9zyq91knfteh4l9go1p2ir3uu8xlftbyc.jpg"},{"@type":"WebSite","@id":"https:\/\/lanec.es\/#website","url":"https:\/\/lanec.es\/","name":"L'\u00c0nec Papers","description":"Papeles, bolsas, envases y cartonajes para alimentaci\u00f3n","publisher":{"@id":"https:\/\/lanec.es\/#organization"},"potentialAction":[{"@type":"SearchAction","target":{"@type":"EntryPoint","urlTemplate":"https:\/\/lanec.es\/?s={search_term_string}"},"query-input":{"@type":"PropertyValueSpecification","valueRequired":true,"valueName":"search_term_string"}}],"inLanguage":"en-GB"},{"@type":"Organization","@id":"https:\/\/lanec.es\/#organization","name":"L'\u00c0nec Papers","url":"https:\/\/lanec.es\/","logo":{"@type":"ImageObject","inLanguage":"en-GB","@id":"https:\/\/lanec.es\/#\/schema\/logo\/image\/","url":"https:\/\/lanec.es\/wp-content\/uploads\/2023\/03\/logo2.png","contentUrl":"https:\/\/lanec.es\/wp-content\/uploads\/2023\/03\/logo2.png","width":232,"height":120,"caption":"L'\u00c0nec Papers"},"image":{"@id":"https:\/\/lanec.es\/#\/schema\/logo\/image\/"},"sameAs":["https:\/\/www.facebook.com\/profile.php?id=100001755903744"]}]}},"_links":{"self":[{"href":"https:\/\/lanec.es\/en\/wp-json\/wp\/v2\/pages\/57","targetHints":{"allow":["GET"]}}],"collection":[{"href":"https:\/\/lanec.es\/en\/wp-json\/wp\/v2\/pages"}],"about":[{"href":"https:\/\/lanec.es\/en\/wp-json\/wp\/v2\/types\/page"}],"author":[{"embeddable":true,"href":"https:\/\/lanec.es\/en\/wp-json\/wp\/v2\/users\/1"}],"replies":[{"embeddable":true,"href":"https:\/\/lanec.es\/en\/wp-json\/wp\/v2\/comments?post=57"}],"version-history":[{"count":64,"href":"https:\/\/lanec.es\/en\/wp-json\/wp\/v2\/pages\/57\/revisions"}],"predecessor-version":[{"id":377,"href":"https:\/\/lanec.es\/en\/wp-json\/wp\/v2\/pages\/57\/revisions\/377"}],"wp:attachment":[{"href":"https:\/\/lanec.es\/en\/wp-json\/wp\/v2\/media?parent=57"}],"curies":[{"name":"wp","href":"https:\/\/api.w.org\/{rel}","templated":true}]}}