{"id":9,"date":"2022-12-22T13:01:19","date_gmt":"2022-12-22T13:01:19","guid":{"rendered":"https:\/\/lanec.es\/\/?page_id=9"},"modified":"2023-04-12T16:17:16","modified_gmt":"2023-04-12T16:17:16","slug":"inicio","status":"publish","type":"page","link":"https:\/\/lanec.es\/en\/","title":{"rendered":"Inicio"},"content":{"rendered":"\t\t<div data-elementor-type=\"wp-page\" data-elementor-id=\"9\" class=\"elementor elementor-9\" data-elementor-post-type=\"page\">\n\t\t\t\t\t\t<section class=\"elementor-section elementor-top-section elementor-element elementor-element-9d4c90a elementor-section-full_width elementor-section-stretched elementor-section-height-default elementor-section-height-default\" data-id=\"9d4c90a\" data-element_type=\"section\" data-e-type=\"section\" data-settings=\"{&quot;stretch_section&quot;:&quot;section-stretched&quot;,&quot;motion_fx_opacity_direction&quot;:&quot;in-out&quot;,&quot;motion_fx_opacity_range&quot;:{&quot;unit&quot;:&quot;%&quot;,&quot;size&quot;:&quot;&quot;,&quot;sizes&quot;:{&quot;start&quot;:0,&quot;end&quot;:20}},&quot;sticky&quot;:&quot;top&quot;,&quot;motion_fx_motion_fx_scrolling&quot;:&quot;yes&quot;,&quot;motion_fx_opacity_effect&quot;:&quot;yes&quot;,&quot;motion_fx_range&quot;:&quot;page&quot;,&quot;motion_fx_opacity_level&quot;:{&quot;unit&quot;:&quot;px&quot;,&quot;size&quot;:10,&quot;sizes&quot;:[]},&quot;motion_fx_devices&quot;:[&quot;desktop&quot;,&quot;tablet&quot;,&quot;mobile&quot;],&quot;sticky_on&quot;:[&quot;desktop&quot;,&quot;tablet&quot;,&quot;mobile&quot;],&quot;sticky_offset&quot;:0,&quot;sticky_effects_offset&quot;:0}\">\n\t\t\t\t\t\t<div class=\"elementor-container elementor-column-gap-no\">\n\t\t\t\t\t<div class=\"elementor-column elementor-col-100 elementor-top-column elementor-element elementor-element-6ed610a\" data-id=\"6ed610a\" data-element_type=\"column\" data-e-type=\"column\">\n\t\t\t<div class=\"elementor-widget-wrap elementor-element-populated\">\n\t\t\t\t\t\t<div class=\"elementor-element elementor-element-33425a7 elementor--h-position-center elementor--v-position-middle elementor-arrows-position-inside elementor-pagination-position-inside elementor-widget elementor-widget-slides\" data-id=\"33425a7\" data-element_type=\"widget\" data-e-type=\"widget\" data-settings=\"{&quot;navigation&quot;:&quot;both&quot;,&quot;autoplay&quot;:&quot;yes&quot;,&quot;pause_on_hover&quot;:&quot;yes&quot;,&quot;pause_on_interaction&quot;:&quot;yes&quot;,&quot;autoplay_speed&quot;:5000,&quot;infinite&quot;:&quot;yes&quot;,&quot;transition&quot;:&quot;slide&quot;,&quot;transition_speed&quot;:500}\" data-widget_type=\"slides.default\">\n\t\t\t\t<div class=\"elementor-widget-container\">\n\t\t\t\t\t\t\t<div class=\"elementor-swiper\">\n\t\t\t<div class=\"elementor-slides-wrapper elementor-main-swiper swiper-container\" dir=\"ltr\" data-animation=\"fadeInUp\">\n\t\t\t\t<div class=\"swiper-wrapper elementor-slides\">\n\t\t\t\t\t\t\t\t\t\t<div class=\"elementor-repeater-item-c1ce4e2 swiper-slide\"><div class=\"swiper-slide-bg\" role=\"img\"><\/div><div class=\"swiper-slide-inner\" ><div class=\"swiper-slide-contents\"><\/div><\/div><\/div><div class=\"elementor-repeater-item-082c470 swiper-slide\"><div class=\"swiper-slide-bg\" role=\"img\"><\/div><div class=\"swiper-slide-inner\" ><div class=\"swiper-slide-contents\"><\/div><\/div><\/div><div class=\"elementor-repeater-item-ce316ed swiper-slide\"><div class=\"swiper-slide-bg\" role=\"img\"><\/div><div class=\"swiper-slide-inner\" ><div class=\"swiper-slide-contents\"><\/div><\/div><\/div><div class=\"elementor-repeater-item-8d0981d swiper-slide\"><div class=\"swiper-slide-bg\" role=\"img\"><\/div><div class=\"swiper-slide-inner\" ><div class=\"swiper-slide-contents\"><\/div><\/div><\/div>\t\t\t\t<\/div>\n\t\t\t\t\t\t\t\t\t\t\t\t\t\t\t<div class=\"swiper-pagination\"><\/div>\n\t\t\t\t\t\t\t\t\t\t\t\t\t\t\t\t<div class=\"elementor-swiper-button elementor-swiper-button-prev\" role=\"button\" tabindex=\"0\">\n\t\t\t\t\t\t\t<i aria-hidden=\"true\" class=\"eicon-chevron-left\"><\/i>\t\t\t\t\t\t\t<span class=\"elementor-screen-only\">Previous slide<\/span>\n\t\t\t\t\t\t<\/div>\n\t\t\t\t\t\t<div class=\"elementor-swiper-button elementor-swiper-button-next\" role=\"button\" tabindex=\"0\">\n\t\t\t\t\t\t\t<i aria-hidden=\"true\" class=\"eicon-chevron-right\"><\/i>\t\t\t\t\t\t\t<span class=\"elementor-screen-only\">Next slide<\/span>\n\t\t\t\t\t\t<\/div>\n\t\t\t\t\t\t\t\t\t\t\t\t<\/div>\n\t\t<\/div>\n\t\t\t\t\t\t<\/div>\n\t\t\t\t<\/div>\n\t\t\t\t\t<\/div>\n\t\t<\/div>\n\t\t\t\t\t<\/div>\n\t\t<\/section>\n\t\t\t\t<section class=\"elementor-section elementor-top-section elementor-element elementor-element-1a6d3d7 elementor-section-boxed elementor-section-height-default elementor-section-height-default\" data-id=\"1a6d3d7\" data-element_type=\"section\" data-e-type=\"section\">\n\t\t\t\t\t\t<div class=\"elementor-container elementor-column-gap-default\">\n\t\t\t\t\t<div class=\"elementor-column elementor-col-50 elementor-top-column elementor-element elementor-element-ba9f8c9\" data-id=\"ba9f8c9\" data-element_type=\"column\" data-e-type=\"column\">\n\t\t\t<div class=\"elementor-widget-wrap elementor-element-populated\">\n\t\t\t\t\t\t<div class=\"elementor-element elementor-element-334dbe4 elementor-widget elementor-widget-image\" data-id=\"334dbe4\" data-element_type=\"widget\" data-e-type=\"widget\" data-widget_type=\"image.default\">\n\t\t\t\t<div class=\"elementor-widget-container\">\n\t\t\t\t\t\t\t\t\t\t\t\t\t\t\t<img decoding=\"async\" width=\"253\" height=\"194\" src=\"https:\/\/lanec.es\/wp-content\/uploads\/2023\/03\/2-1.jpg\" class=\"attachment-large size-large wp-image-379\" alt=\"Papel cera\" \/>\t\t\t\t\t\t\t\t\t\t\t\t\t\t\t<\/div>\n\t\t\t\t<\/div>\n\t\t\t\t\t<\/div>\n\t\t<\/div>\n\t\t\t\t<div class=\"elementor-column elementor-col-50 elementor-top-column elementor-element elementor-element-f8b47e0\" data-id=\"f8b47e0\" data-element_type=\"column\" data-e-type=\"column\">\n\t\t\t<div class=\"elementor-widget-wrap elementor-element-populated\">\n\t\t\t\t\t\t<div class=\"elementor-element elementor-element-01db164 elementor-widget elementor-widget-text-editor\" data-id=\"01db164\" data-element_type=\"widget\" data-e-type=\"widget\" data-widget_type=\"text-editor.default\">\n\t\t\t\t<div class=\"elementor-widget-container\">\n\t\t\t\t\t\t\t\t\t<p>La actual L\u2019\u00e0nec Papers S.L. (cuarta generaci\u00f3n) es l\u00edder en el sector nacional de distribuci\u00f3n, habiendo incorporado los adelantos inform\u00e1ticos, dise\u00f1os y materiales m\u00e1s modernos, ya que cuenta con la maquinaria de impresi\u00f3n y manipulaci\u00f3n, as\u00ed como el mejor equipo humano para satisfacer a los clientes m\u00e1s exigentes.<\/p>\t\t\t\t\t\t\t\t<\/div>\n\t\t\t\t<\/div>\n\t\t\t\t\t<\/div>\n\t\t<\/div>\n\t\t\t\t\t<\/div>\n\t\t<\/section>\n\t\t\t\t<section class=\"elementor-section elementor-top-section elementor-element elementor-element-304f192 elementor-section-boxed elementor-section-height-default elementor-section-height-default\" data-id=\"304f192\" data-element_type=\"section\" data-e-type=\"section\">\n\t\t\t\t\t\t<div class=\"elementor-container elementor-column-gap-default\">\n\t\t\t\t\t<div class=\"elementor-column elementor-col-50 elementor-top-column elementor-element elementor-element-be49b06\" data-id=\"be49b06\" data-element_type=\"column\" data-e-type=\"column\">\n\t\t\t<div class=\"elementor-widget-wrap elementor-element-populated\">\n\t\t\t\t\t\t<div class=\"elementor-element elementor-element-c6c5a14 elementor-widget elementor-widget-text-editor\" data-id=\"c6c5a14\" data-element_type=\"widget\" data-e-type=\"widget\" data-widget_type=\"text-editor.default\">\n\t\t\t\t<div class=\"elementor-widget-container\">\n\t\t\t\t\t\t\t\t\t<p>La actual L\u2019\u00e0nec Papers S.L. (cuarta generaci\u00f3n) es l\u00edder en el sector nacional de distribuci\u00f3n, habiendo incorporado los adelantos inform\u00e1ticos, dise\u00f1os y materiales m\u00e1s modernos, ya que cuenta con la maquinaria de impresi\u00f3n y manipulaci\u00f3n, as\u00ed como el mejor equipo humano para satisfacer a los clientes m\u00e1s exigentes.<\/p>\t\t\t\t\t\t\t\t<\/div>\n\t\t\t\t<\/div>\n\t\t\t\t\t<\/div>\n\t\t<\/div>\n\t\t\t\t<div class=\"elementor-column elementor-col-50 elementor-top-column elementor-element elementor-element-54a6ce8\" data-id=\"54a6ce8\" data-element_type=\"column\" data-e-type=\"column\">\n\t\t\t<div class=\"elementor-widget-wrap elementor-element-populated\">\n\t\t\t\t\t\t<div class=\"elementor-element elementor-element-dfae797 elementor-widget elementor-widget-image\" data-id=\"dfae797\" data-element_type=\"widget\" data-e-type=\"widget\" data-widget_type=\"image.default\">\n\t\t\t\t<div class=\"elementor-widget-container\">\n\t\t\t\t\t\t\t\t\t\t\t\t\t\t\t<img fetchpriority=\"high\" decoding=\"async\" width=\"259\" height=\"194\" src=\"https:\/\/lanec.es\/wp-content\/uploads\/2023\/03\/3-1.jpg\" class=\"attachment-large size-large wp-image-380\" alt=\"Papel hornear\" \/>\t\t\t\t\t\t\t\t\t\t\t\t\t\t\t<\/div>\n\t\t\t\t<\/div>\n\t\t\t\t\t<\/div>\n\t\t<\/div>\n\t\t\t\t\t<\/div>\n\t\t<\/section>\n\t\t\t\t<section class=\"elementor-section elementor-top-section elementor-element elementor-element-ae75f21 elementor-section-boxed elementor-section-height-default elementor-section-height-default\" data-id=\"ae75f21\" data-element_type=\"section\" data-e-type=\"section\">\n\t\t\t\t\t\t<div class=\"elementor-container elementor-column-gap-default\">\n\t\t\t\t\t<div class=\"elementor-column elementor-col-50 elementor-top-column elementor-element elementor-element-32ccfe7\" data-id=\"32ccfe7\" data-element_type=\"column\" data-e-type=\"column\">\n\t\t\t<div class=\"elementor-widget-wrap elementor-element-populated\">\n\t\t\t\t\t\t<div class=\"elementor-element elementor-element-52772f9 elementor-widget elementor-widget-image\" data-id=\"52772f9\" data-element_type=\"widget\" data-e-type=\"widget\" data-widget_type=\"image.default\">\n\t\t\t\t<div class=\"elementor-widget-container\">\n\t\t\t\t\t\t\t\t\t\t\t\t\t\t\t<img decoding=\"async\" width=\"148\" height=\"194\" src=\"https:\/\/lanec.es\/wp-content\/uploads\/2023\/03\/1-1.jpg\" class=\"attachment-large size-large wp-image-378\" alt=\"Pescados y mariscos\" \/>\t\t\t\t\t\t\t\t\t\t\t\t\t\t\t<\/div>\n\t\t\t\t<\/div>\n\t\t\t\t\t<\/div>\n\t\t<\/div>\n\t\t\t\t<div class=\"elementor-column elementor-col-50 elementor-top-column elementor-element elementor-element-211e9a8\" data-id=\"211e9a8\" data-element_type=\"column\" data-e-type=\"column\">\n\t\t\t<div class=\"elementor-widget-wrap elementor-element-populated\">\n\t\t\t\t\t\t<div class=\"elementor-element elementor-element-82f061e elementor-widget elementor-widget-text-editor\" data-id=\"82f061e\" data-element_type=\"widget\" data-e-type=\"widget\" data-widget_type=\"text-editor.default\">\n\t\t\t\t<div class=\"elementor-widget-container\">\n\t\t\t\t\t\t\t\t\t<p>La actual L\u2019\u00e0nec Papers S.L. (cuarta generaci\u00f3n) es l\u00edder en el sector nacional de distribuci\u00f3n, habiendo incorporado los adelantos inform\u00e1ticos, dise\u00f1os y materiales m\u00e1s modernos, ya que cuenta con la maquinaria de impresi\u00f3n y manipulaci\u00f3n, as\u00ed como el mejor equipo humano para satisfacer a los clientes m\u00e1s exigentes.<\/p>\t\t\t\t\t\t\t\t<\/div>\n\t\t\t\t<\/div>\n\t\t\t\t\t<\/div>\n\t\t<\/div>\n\t\t\t\t\t<\/div>\n\t\t<\/section>\n\t\t\t\t<\/div>\n\t\t","protected":false},"excerpt":{"rendered":"<p>Previous Next La actual L\u2019\u00e0nec Papers S.L. (cuarta generaci\u00f3n) es l\u00edder en el sector nacional de distribuci\u00f3n, habiendo incorporado los adelantos inform\u00e1ticos, dise\u00f1os y materiales m\u00e1s modernos, ya que cuenta con la maquinaria de impresi\u00f3n y manipulaci\u00f3n, as\u00ed como el mejor equipo humano para satisfacer a los clientes m\u00e1s exigentes. La actual L\u2019\u00e0nec Papers S.L. &#8230; <a title=\"Inicio\" class=\"read-more\" href=\"https:\/\/lanec.es\/en\/\" aria-label=\"Read more about Inicio\">Read more<\/a><\/p>","protected":false},"author":1,"featured_media":0,"parent":0,"menu_order":0,"comment_status":"closed","ping_status":"closed","template":"elementor_header_footer","meta":{"footnotes":""},"class_list":["post-9","page","type-page","status-publish"],"yoast_head":"<!-- This site is optimized with the Yoast SEO plugin v27.5 - https:\/\/yoast.com\/product\/yoast-seo-wordpress\/ -->\n<title>Inicio - L&#039;\u00c0nec Papers<\/title>\n<meta name=\"description\" content=\"L\u2019\u00e0nec Papers S.L. (cuarta generaci\u00f3n) es l\u00edder en el sector nacional de distribuci\u00f3n, habiendo incorporado los adelantos inform\u00e1ticos, dise\u00f1os y materiales m\u00e1s modernos, ya que cuenta con la maquinaria de impresi\u00f3n y manipulaci\u00f3n, as\u00ed como el mejor equipo humano para satisfacer a los clientes m\u00e1s exigentes.\" \/>\n<meta name=\"robots\" content=\"index, follow, max-snippet:-1, max-image-preview:large, max-video-preview:-1\" \/>\n<link rel=\"canonical\" href=\"https:\/\/lanec.es\/en\/\" \/>\n<meta property=\"og:locale\" content=\"en_GB\" \/>\n<meta property=\"og:type\" content=\"article\" \/>\n<meta property=\"og:title\" content=\"Inicio - L&#039;\u00c0nec Papers\" \/>\n<meta property=\"og:description\" content=\"L\u2019\u00e0nec Papers S.L. (cuarta generaci\u00f3n) es l\u00edder en el sector nacional de distribuci\u00f3n, habiendo incorporado los adelantos inform\u00e1ticos, dise\u00f1os y materiales m\u00e1s modernos, ya que cuenta con la maquinaria de impresi\u00f3n y manipulaci\u00f3n, as\u00ed como el mejor equipo humano para satisfacer a los clientes m\u00e1s exigentes.\" \/>\n<meta property=\"og:url\" content=\"https:\/\/lanec.es\/en\/\" \/>\n<meta property=\"og:site_name\" content=\"L&#039;\u00c0nec Papers\" \/>\n<meta property=\"article:publisher\" content=\"https:\/\/www.facebook.com\/profile.php?id=100001755903744\" \/>\n<meta property=\"article:modified_time\" content=\"2023-04-12T16:17:16+00:00\" \/>\n<meta property=\"og:image\" content=\"https:\/\/lanec.es\/wp-content\/uploads\/2023\/03\/2-1.jpg\" \/>\n<meta name=\"twitter:card\" content=\"summary_large_image\" \/>\n<meta name=\"twitter:label1\" content=\"Estimated reading time\" \/>\n\t<meta name=\"twitter:data1\" content=\"2 minutes\" \/>\n<script type=\"application\/ld+json\" class=\"yoast-schema-graph\">{\"@context\":\"https:\\\/\\\/schema.org\",\"@graph\":[{\"@type\":\"WebPage\",\"@id\":\"https:\\\/\\\/lanec.es\\\/\",\"url\":\"https:\\\/\\\/lanec.es\\\/\",\"name\":\"Inicio - L&#039;\u00c0nec Papers\",\"isPartOf\":{\"@id\":\"https:\\\/\\\/lanec.es\\\/#website\"},\"primaryImageOfPage\":{\"@id\":\"https:\\\/\\\/lanec.es\\\/#primaryimage\"},\"image\":{\"@id\":\"https:\\\/\\\/lanec.es\\\/#primaryimage\"},\"thumbnailUrl\":\"https:\\\/\\\/lanec.es\\\/wp-content\\\/uploads\\\/2023\\\/03\\\/2-1.jpg\",\"datePublished\":\"2022-12-22T13:01:19+00:00\",\"dateModified\":\"2023-04-12T16:17:16+00:00\",\"description\":\"L\u2019\u00e0nec Papers S.L. (cuarta generaci\u00f3n) es l\u00edder en el sector nacional de distribuci\u00f3n, habiendo incorporado los adelantos inform\u00e1ticos, dise\u00f1os y materiales m\u00e1s modernos, ya que cuenta con la maquinaria de impresi\u00f3n y manipulaci\u00f3n, as\u00ed como el mejor equipo humano para satisfacer a los clientes m\u00e1s exigentes.\",\"inLanguage\":\"en-GB\",\"potentialAction\":[{\"@type\":\"ReadAction\",\"target\":[\"https:\\\/\\\/lanec.es\\\/\"]}]},{\"@type\":\"ImageObject\",\"inLanguage\":\"en-GB\",\"@id\":\"https:\\\/\\\/lanec.es\\\/#primaryimage\",\"url\":\"https:\\\/\\\/lanec.es\\\/wp-content\\\/uploads\\\/2023\\\/03\\\/2-1.jpg\",\"contentUrl\":\"https:\\\/\\\/lanec.es\\\/wp-content\\\/uploads\\\/2023\\\/03\\\/2-1.jpg\"},{\"@type\":\"WebSite\",\"@id\":\"https:\\\/\\\/lanec.es\\\/#website\",\"url\":\"https:\\\/\\\/lanec.es\\\/\",\"name\":\"L'\u00c0nec Papers\",\"description\":\"Papeles, bolsas, envases y cartonajes para alimentaci\u00f3n\",\"publisher\":{\"@id\":\"https:\\\/\\\/lanec.es\\\/#organization\"},\"potentialAction\":[{\"@type\":\"SearchAction\",\"target\":{\"@type\":\"EntryPoint\",\"urlTemplate\":\"https:\\\/\\\/lanec.es\\\/?s={search_term_string}\"},\"query-input\":{\"@type\":\"PropertyValueSpecification\",\"valueRequired\":true,\"valueName\":\"search_term_string\"}}],\"inLanguage\":\"en-GB\"},{\"@type\":\"Organization\",\"@id\":\"https:\\\/\\\/lanec.es\\\/#organization\",\"name\":\"L'\u00c0nec Papers\",\"url\":\"https:\\\/\\\/lanec.es\\\/\",\"logo\":{\"@type\":\"ImageObject\",\"inLanguage\":\"en-GB\",\"@id\":\"https:\\\/\\\/lanec.es\\\/#\\\/schema\\\/logo\\\/image\\\/\",\"url\":\"https:\\\/\\\/lanec.es\\\/wp-content\\\/uploads\\\/2023\\\/03\\\/logo2.png\",\"contentUrl\":\"https:\\\/\\\/lanec.es\\\/wp-content\\\/uploads\\\/2023\\\/03\\\/logo2.png\",\"width\":232,\"height\":120,\"caption\":\"L'\u00c0nec Papers\"},\"image\":{\"@id\":\"https:\\\/\\\/lanec.es\\\/#\\\/schema\\\/logo\\\/image\\\/\"},\"sameAs\":[\"https:\\\/\\\/www.facebook.com\\\/profile.php?id=100001755903744\"]}]}<\/script>\n<!-- \/ Yoast SEO plugin. -->","yoast_head_json":{"title":"Inicio - L&#039;\u00c0nec Papers","description":"L\u2019\u00e0nec Papers S.L. (cuarta generaci\u00f3n) es l\u00edder en el sector nacional de distribuci\u00f3n, habiendo incorporado los adelantos inform\u00e1ticos, dise\u00f1os y materiales m\u00e1s modernos, ya que cuenta con la maquinaria de impresi\u00f3n y manipulaci\u00f3n, as\u00ed como el mejor equipo humano para satisfacer a los clientes m\u00e1s exigentes.","robots":{"index":"index","follow":"follow","max-snippet":"max-snippet:-1","max-image-preview":"max-image-preview:large","max-video-preview":"max-video-preview:-1"},"canonical":"https:\/\/lanec.es\/en\/","og_locale":"en_GB","og_type":"article","og_title":"Inicio - L&#039;\u00c0nec Papers","og_description":"L\u2019\u00e0nec Papers S.L. (cuarta generaci\u00f3n) es l\u00edder en el sector nacional de distribuci\u00f3n, habiendo incorporado los adelantos inform\u00e1ticos, dise\u00f1os y materiales m\u00e1s modernos, ya que cuenta con la maquinaria de impresi\u00f3n y manipulaci\u00f3n, as\u00ed como el mejor equipo humano para satisfacer a los clientes m\u00e1s exigentes.","og_url":"https:\/\/lanec.es\/en\/","og_site_name":"L&#039;\u00c0nec Papers","article_publisher":"https:\/\/www.facebook.com\/profile.php?id=100001755903744","article_modified_time":"2023-04-12T16:17:16+00:00","og_image":[{"url":"https:\/\/lanec.es\/wp-content\/uploads\/2023\/03\/2-1.jpg","type":"","width":"","height":""}],"twitter_card":"summary_large_image","twitter_misc":{"Estimated reading time":"2 minutes"},"schema":{"@context":"https:\/\/schema.org","@graph":[{"@type":"WebPage","@id":"https:\/\/lanec.es\/","url":"https:\/\/lanec.es\/","name":"Inicio - L&#039;\u00c0nec Papers","isPartOf":{"@id":"https:\/\/lanec.es\/#website"},"primaryImageOfPage":{"@id":"https:\/\/lanec.es\/#primaryimage"},"image":{"@id":"https:\/\/lanec.es\/#primaryimage"},"thumbnailUrl":"https:\/\/lanec.es\/wp-content\/uploads\/2023\/03\/2-1.jpg","datePublished":"2022-12-22T13:01:19+00:00","dateModified":"2023-04-12T16:17:16+00:00","description":"L\u2019\u00e0nec Papers S.L. (cuarta generaci\u00f3n) es l\u00edder en el sector nacional de distribuci\u00f3n, habiendo incorporado los adelantos inform\u00e1ticos, dise\u00f1os y materiales m\u00e1s modernos, ya que cuenta con la maquinaria de impresi\u00f3n y manipulaci\u00f3n, as\u00ed como el mejor equipo humano para satisfacer a los clientes m\u00e1s exigentes.","inLanguage":"en-GB","potentialAction":[{"@type":"ReadAction","target":["https:\/\/lanec.es\/"]}]},{"@type":"ImageObject","inLanguage":"en-GB","@id":"https:\/\/lanec.es\/#primaryimage","url":"https:\/\/lanec.es\/wp-content\/uploads\/2023\/03\/2-1.jpg","contentUrl":"https:\/\/lanec.es\/wp-content\/uploads\/2023\/03\/2-1.jpg"},{"@type":"WebSite","@id":"https:\/\/lanec.es\/#website","url":"https:\/\/lanec.es\/","name":"L'\u00c0nec Papers","description":"Papeles, bolsas, envases y cartonajes para alimentaci\u00f3n","publisher":{"@id":"https:\/\/lanec.es\/#organization"},"potentialAction":[{"@type":"SearchAction","target":{"@type":"EntryPoint","urlTemplate":"https:\/\/lanec.es\/?s={search_term_string}"},"query-input":{"@type":"PropertyValueSpecification","valueRequired":true,"valueName":"search_term_string"}}],"inLanguage":"en-GB"},{"@type":"Organization","@id":"https:\/\/lanec.es\/#organization","name":"L'\u00c0nec Papers","url":"https:\/\/lanec.es\/","logo":{"@type":"ImageObject","inLanguage":"en-GB","@id":"https:\/\/lanec.es\/#\/schema\/logo\/image\/","url":"https:\/\/lanec.es\/wp-content\/uploads\/2023\/03\/logo2.png","contentUrl":"https:\/\/lanec.es\/wp-content\/uploads\/2023\/03\/logo2.png","width":232,"height":120,"caption":"L'\u00c0nec Papers"},"image":{"@id":"https:\/\/lanec.es\/#\/schema\/logo\/image\/"},"sameAs":["https:\/\/www.facebook.com\/profile.php?id=100001755903744"]}]}},"_links":{"self":[{"href":"https:\/\/lanec.es\/en\/wp-json\/wp\/v2\/pages\/9","targetHints":{"allow":["GET"]}}],"collection":[{"href":"https:\/\/lanec.es\/en\/wp-json\/wp\/v2\/pages"}],"about":[{"href":"https:\/\/lanec.es\/en\/wp-json\/wp\/v2\/types\/page"}],"author":[{"embeddable":true,"href":"https:\/\/lanec.es\/en\/wp-json\/wp\/v2\/users\/1"}],"replies":[{"embeddable":true,"href":"https:\/\/lanec.es\/en\/wp-json\/wp\/v2\/comments?post=9"}],"version-history":[{"count":89,"href":"https:\/\/lanec.es\/en\/wp-json\/wp\/v2\/pages\/9\/revisions"}],"predecessor-version":[{"id":441,"href":"https:\/\/lanec.es\/en\/wp-json\/wp\/v2\/pages\/9\/revisions\/441"}],"wp:attachment":[{"href":"https:\/\/lanec.es\/en\/wp-json\/wp\/v2\/media?parent=9"}],"curies":[{"name":"wp","href":"https:\/\/api.w.org\/{rel}","templated":true}]}}